{"id":134,"date":"2024-10-10T19:10:49","date_gmt":"2024-10-10T19:10:49","guid":{"rendered":"https:\/\/tecbombassp.com\/wfe\/?page_id=134"},"modified":"2024-10-14T19:19:49","modified_gmt":"2024-10-14T19:19:49","slug":"fale-conosco","status":"publish","type":"page","link":"https:\/\/tecbombassp.com\/wfe\/fale-conosco\/","title":{"rendered":"Fale Conosco"},"content":{"rendered":"\n<p class=\"has-text-align-center\">Entre em contato conosco atrav\u00e9s de nosso telefone, e-mail ou pelo formul\u00e1rio de contato.<\/p>\n\n\n\n<p class=\"has-text-align-center\"><\/p>\n\n\n\n<div style=\"height:88px\" aria-hidden=\"true\" class=\"wp-block-spacer\"><\/div>\n\n\n\n<div class=\"wp-block-columns is-layout-flex wp-container-core-columns-is-layout-28f84493 wp-block-columns-is-layout-flex\">\n<div class=\"wp-block-column is-layout-flow wp-block-column-is-layout-flow\" style=\"flex-basis:5%\"><\/div>\n\n\n\n<div class=\"wp-block-column is-vertically-aligned-top is-layout-flow wp-block-column-is-layout-flow\" style=\"flex-basis:30%\">\n<div style=\"height:29px\" aria-hidden=\"true\" class=\"wp-block-spacer\"><\/div>\n\n\n\n<p><strong>Localiza\u00e7\u00e3o<br><\/strong>Rua Osvaldo Correa, 87, Vila Boa Esperan\u00e7a<br>CEP 19.912-280 | Ourinhos\/SP<\/p>\n\n\n\n<p><strong>Email<br><\/strong><a href=\"mailto:tecbombas@tecbombassp.com.br\">tecbombas@tecbombassp.com.br<\/a><\/p>\n\n\n\n<p><strong>Fone\/WhatsApp<br><\/strong><a href=\"https:\/\/wa.me:\/\/555514997838636\" data-type=\"link\" data-id=\"https:\/\/wa.me:\/\/555514997838636\">+55 14 99783-8636<br><\/a>(14) 3326-7795<\/p>\n<\/div>\n\n\n\n<div class=\"wp-block-column is-layout-flow wp-block-column-is-layout-flow\" style=\"flex-basis:50%\">\n<div class=\"wp-block-weforms-form\">\r\n        \r\n\r\n                <form class=\"wpuf-form-add weforms-444  wpuf-style\" action=\"\" method=\"post\"   id=\"\">\r\n\r\n            <ul class=\"wpuf-form form-label-above\">\r\n\r\n                        <li class=\"wpuf-el nome_completo_ou_empresa field-size-large\" data-label=\"Nome Completo ou Empresa\">\r\n                    <div class=\"wpuf-label\">\r\n            <label for=\"nome_completo_ou_empresa_444\">Nome Completo ou Empresa <span class=\"required\">*<\/span><\/label>\r\n        <\/div>\r\n        \r\n            <div class=\"wpuf-fields\">\r\n                <div class=\"wpuf-name-field-wrap format-first-last\" data-style=\"wpuf-style\">\r\n                    <div class=\"wpuf-name-field-first-name\">\r\n                        <input\r\n                            name=\"nome_completo_ou_empresa[first]\"\r\n                            type=\"text\"\r\n                            placeholder=\"\"\r\n                            value=\"\"\r\n                            size=\"40\"\r\n                            data-required=\"yes\"\r\n                            data-type=\"text\"\r\n                            data-style=\"wpuf-style\"\r\n                            class=\"textfield wpuf_nome_completo_ou_empresa_444\"\r\n                            autocomplete=\"given-name\"\r\n                        >\r\n                                            <\/div>\r\n\r\n                                            <input type=\"hidden\" name=\"nome_completo_ou_empresa[middle]\" value=\"\">\r\n                    \r\n                    <div class=\"wpuf-name-field-last-name\">\r\n                        <input\r\n                            name=\"nome_completo_ou_empresa[last]\"\r\n                            type=\"text\" class=\"textfield\"\r\n                            placeholder=\"\"\r\n                            value=\"\"\r\n                            size=\"40\"\r\n                            autocomplete=\"family-name\"\r\n                            data-style=\"wpuf-style\"\r\n                        >\r\n                                            <\/div>\r\n                <\/div>\r\n                            <\/div>\r\n        <\/li>\r\n                <li class=\"wpuf-el email field-size-large\" data-label=\"Email\">\r\n                    <div class=\"wpuf-label\">\r\n            <label for=\"email_444\">Email<\/label>\r\n        <\/div>\r\n        \r\n            <div class=\"wpuf-fields\">\r\n                <input\r\n                    id=\"email_444\"\r\n                    type=\"email\"\r\n                    class=\"email  wpuf_email_444\"\r\n                    data-duplicate=\"\"\r\n                    data-required=\"no\"\r\n                    data-type=\"email\"\r\n                    data-style=\"wpuf-style\"\r\n                    name=\"email\"\r\n                    placeholder=\"\"\r\n                    value=\"\"\r\n                    size=\"40\"\r\n                    autocomplete=\"email\"\r\n                \/>\r\n                            <\/div>\r\n        <\/li>\r\n                <li class=\"wpuf-el whatsapp_telefone field-size-large\" data-label=\"WhatsApp\/Telefone\">\r\n                    <div class=\"wpuf-label\">\r\n            <label for=\"whatsapp_telefone_444\">WhatsApp\/Telefone <span class=\"required\">*<\/span><\/label>\r\n        <\/div>\r\n        \r\n            <div class=\"wpuf-fields\">\r\n                <input\r\n                    class=\"textfield wpuf_whatsapp_telefone_444\"\r\n                    id=\"whatsapp_telefone_444\"\r\n                    type=\"text\"\r\n                    data-duplicate=\"no\"\r\n                    data-required=\"yes\"\r\n                    data-type=\"text\" name=\"whatsapp_telefone\"\r\n                    placeholder=\"\"\r\n                    value=\"\"\r\n                    size=\"40\"\r\n                    data-style=\"wpuf-style\"\r\n                \/>\r\n\r\n                <span class=\"wpuf-wordlimit-message wpuf-help\"><\/span>\r\n                            <\/div>\r\n                    <\/li>\r\n                <li class=\"wpuf-el cidade_e_estado field-size-large\" data-label=\"Cidade e Estado\">\r\n                    <div class=\"wpuf-label\">\r\n            <label for=\"cidade_e_estado_444\">Cidade e Estado<\/label>\r\n        <\/div>\r\n        \r\n            <div class=\"wpuf-fields\">\r\n                <input\r\n                    class=\"textfield wpuf_cidade_e_estado_444\"\r\n                    id=\"cidade_e_estado_444\"\r\n                    type=\"text\"\r\n                    data-duplicate=\"no\"\r\n                    data-required=\"no\"\r\n                    data-type=\"text\" name=\"cidade_e_estado\"\r\n                    placeholder=\"\"\r\n                    value=\"\"\r\n                    size=\"40\"\r\n                    data-style=\"wpuf-style\"\r\n                \/>\r\n\r\n                <span class=\"wpuf-wordlimit-message wpuf-help\"><\/span>\r\n                            <\/div>\r\n                    <\/li>\r\n                <li class=\"wpuf-el menssagem field-size-large\" data-label=\"Menssagem\">\r\n                    <div class=\"wpuf-label\">\r\n            <label for=\"menssagem_444\">Menssagem<\/label>\r\n        <\/div>\r\n                                    <div class=\"wpuf-fields\">\r\n            \r\n                                    <textarea\r\n                        class=\"textareafield  wpuf_menssagem_444\"\r\n                        id=\"menssagem_444\"\r\n                        name=\"menssagem\"\r\n                        data-required=\"no\"\r\n                        data-type=\"textarea\"\r\n                        placeholder=\"\"\r\n                        rows=\"5\"\r\n                        cols=\"25\"\r\n                        data-style=\"wpuf-style\"\r\n                    ><\/textarea>\r\n                    <span class=\"wpuf-wordlimit-message wpuf-help\"><\/span>\r\n\r\n                \r\n                        <\/div><\/li>\r\n                <li class=\"wpuf-submit\">\r\n            <div class=\"wpuf-label\">\r\n                &nbsp;\r\n            <\/div>\r\n\r\n            <input type=\"hidden\" id=\"_wpnonce\" name=\"_wpnonce\" value=\"4fee661153\" \/><input type=\"hidden\" name=\"_wp_http_referer\" value=\"\/wfe\/wp-json\/wp\/v2\/pages\/134\" \/>\r\n            <input type=\"hidden\" name=\"form_id\" value=\"444\">\r\n            <input type=\"hidden\" name=\"page_id\" value=\"134\">\r\n            <input type=\"hidden\" name=\"action\" value=\"weforms_frontend_submit\">\r\n\r\n                            <input type=\"hidden\" name=\"weforms-front-report\" value=\"no\">\r\n            \r\n            \r\n                            <input type=\"submit\" class=\"weforms_submit_btn wpuf_submit_444\" name=\"submit\" value=\"Enviar\" \/>\r\n                    <\/li>\r\n                <\/ul>\r\n\r\n        <\/form>\r\n                <\/div>\n<\/div>\n<\/div>\n\n\n\n<div style=\"height:100px\" aria-hidden=\"true\" class=\"wp-block-spacer\"><\/div>\n","protected":false},"excerpt":{"rendered":"<p>Entre em contato conosco atrav\u00e9s de nosso telefone, e-mail ou pelo formul\u00e1rio de contato. Localiza\u00e7\u00e3oRua Osvaldo Correa, 87, Vila Boa Esperan\u00e7aCEP 19.912-280 | Ourinhos\/SP Emailtecbombas@tecbombassp.com.br Fone\/WhatsApp+55 14 99783-8636(14) 3326-7795<\/p>\n","protected":false},"author":1,"featured_media":0,"parent":0,"menu_order":0,"comment_status":"closed","ping_status":"closed","template":"","meta":{"_eb_attr":"","_joinchat":[],"footnotes":""},"class_list":["post-134","page","type-page","status-publish","hentry"],"_links":{"self":[{"href":"https:\/\/tecbombassp.com\/wfe\/wp-json\/wp\/v2\/pages\/134","targetHints":{"allow":["GET"]}}],"collection":[{"href":"https:\/\/tecbombassp.com\/wfe\/wp-json\/wp\/v2\/pages"}],"about":[{"href":"https:\/\/tecbombassp.com\/wfe\/wp-json\/wp\/v2\/types\/page"}],"author":[{"embeddable":true,"href":"https:\/\/tecbombassp.com\/wfe\/wp-json\/wp\/v2\/users\/1"}],"replies":[{"embeddable":true,"href":"https:\/\/tecbombassp.com\/wfe\/wp-json\/wp\/v2\/comments?post=134"}],"version-history":[{"count":13,"href":"https:\/\/tecbombassp.com\/wfe\/wp-json\/wp\/v2\/pages\/134\/revisions"}],"predecessor-version":[{"id":454,"href":"https:\/\/tecbombassp.com\/wfe\/wp-json\/wp\/v2\/pages\/134\/revisions\/454"}],"wp:attachment":[{"href":"https:\/\/tecbombassp.com\/wfe\/wp-json\/wp\/v2\/media?parent=134"}],"curies":[{"name":"wp","href":"https:\/\/api.w.org\/{rel}","templated":true}]}}