{"id":127,"date":"2024-10-10T19:08:30","date_gmt":"2024-10-10T19:08:30","guid":{"rendered":"https:\/\/tecbombassp.com\/wfe\/?page_id=127"},"modified":"2024-10-14T18:03:28","modified_gmt":"2024-10-14T18:03:28","slug":"servicos","status":"publish","type":"page","link":"https:\/\/tecbombassp.com\/wfe\/servicos\/","title":{"rendered":"Servi\u00e7os"},"content":{"rendered":"\n<p class=\"has-text-align-center\">Do projeto \u00e0 execu\u00e7\u00e3o, entregamos um servi\u00e7o eficiente, com agilidade e qualidade garantida.<\/p>\n\n\n\n<div class=\"wp-block-columns is-layout-flex wp-container-core-columns-is-layout-1e297cbc wp-block-columns-is-layout-flex\" style=\"padding-top:var(--wp--preset--spacing--70);padding-bottom:var(--wp--preset--spacing--70)\">\n<div class=\"wp-block-column is-layout-flow wp-block-column-is-layout-flow\">\n<figure class=\"wp-block-image aligncenter size-full is-resized\"><img loading=\"lazy\" decoding=\"async\" width=\"500\" height=\"500\" src=\"https:\/\/tecbombassp.com\/wfe\/wp-content\/uploads\/2024\/10\/projetos.png\" alt=\"\" class=\"wp-image-129\" style=\"width:256px;height:auto\" srcset=\"https:\/\/tecbombassp.com\/wfe\/wp-content\/uploads\/2024\/10\/projetos.png 500w, https:\/\/tecbombassp.com\/wfe\/wp-content\/uploads\/2024\/10\/projetos-300x300.png 300w, https:\/\/tecbombassp.com\/wfe\/wp-content\/uploads\/2024\/10\/projetos-150x150.png 150w\" sizes=\"auto, (max-width: 500px) 100vw, 500px\" \/><\/figure>\n\n\n\n<h5 class=\"wp-block-heading has-text-align-center\">Projetos<\/h5>\n\n\n\n<ul class=\"wp-block-list\">\n<li>Projeto Mec\u00e2nico, isom\u00e9tricos, 3D;<\/li>\n\n\n\n<li>Projeto Civil e Drenagem Oleosa;<\/li>\n\n\n\n<li>Projetos de instala\u00e7\u00f5es SASC e SAAC, comerciais e industriais;<\/li>\n\n\n\n<li>Projeto de Estruturas Met\u00e1lica;<\/li>\n\n\n\n<li>Projetos Hidr\u00e1ulicos SASC e SAAC;<\/li>\n\n\n\n<li>Projeto El\u00e9trico, SPDA;<\/li>\n\n\n\n<li>Relat\u00f3rios de NC e visto;<\/li>\n\n\n\n<li>Plano de Manuten\u00e7\u00e3o.<\/li>\n<\/ul>\n<\/div>\n\n\n\n<div class=\"wp-block-column is-layout-flow wp-block-column-is-layout-flow\">\n<figure class=\"wp-block-image aligncenter size-full is-resized\"><img loading=\"lazy\" decoding=\"async\" width=\"500\" height=\"500\" src=\"https:\/\/tecbombassp.com\/wfe\/wp-content\/uploads\/2024\/10\/execucao.png\" alt=\"\" class=\"wp-image-130\" style=\"width:256px;height:auto\" srcset=\"https:\/\/tecbombassp.com\/wfe\/wp-content\/uploads\/2024\/10\/execucao.png 500w, https:\/\/tecbombassp.com\/wfe\/wp-content\/uploads\/2024\/10\/execucao-300x300.png 300w, https:\/\/tecbombassp.com\/wfe\/wp-content\/uploads\/2024\/10\/execucao-150x150.png 150w\" sizes=\"auto, (max-width: 500px) 100vw, 500px\" \/><\/figure>\n\n\n\n<h5 class=\"wp-block-heading has-text-align-center\">Execu\u00e7\u00f5es<\/h5>\n\n\n\n<ul class=\"wp-block-list\">\n<li>Instala\u00e7\u00f5es e reformas SASC e SAAC:<\/li>\n\n\n\n<li>Retirada de sistema SASC com desgaseifica\u00e7\u00e3o;<\/li>\n\n\n\n<li>Ensaio de Estanqueidade;<\/li>\n\n\n\n<li>Ensaio Hidrost\u00e1tico;<\/li>\n\n\n\n<li>Execu\u00e7\u00e3o de Piso em concreto Armado;<\/li>\n<\/ul>\n<\/div>\n\n\n\n<div class=\"wp-block-column is-layout-flow wp-block-column-is-layout-flow\">\n<figure class=\"wp-block-image aligncenter size-full is-resized\"><img loading=\"lazy\" decoding=\"async\" width=\"500\" height=\"500\" src=\"https:\/\/tecbombassp.com\/wfe\/wp-content\/uploads\/2024\/10\/licenciamento.png\" alt=\"\" class=\"wp-image-128\" style=\"width:256px;height:auto\" srcset=\"https:\/\/tecbombassp.com\/wfe\/wp-content\/uploads\/2024\/10\/licenciamento.png 500w, https:\/\/tecbombassp.com\/wfe\/wp-content\/uploads\/2024\/10\/licenciamento-300x300.png 300w, https:\/\/tecbombassp.com\/wfe\/wp-content\/uploads\/2024\/10\/licenciamento-150x150.png 150w\" sizes=\"auto, (max-width: 500px) 100vw, 500px\" \/><\/figure>\n\n\n\n<h5 class=\"wp-block-heading has-text-align-center\">Licenciamentos<\/h5>\n\n\n\n<ul class=\"wp-block-list\">\n<li>Dispensa de licenciamento Ambiental (DLAE);<\/li>\n\n\n\n<li>Licen\u00e7a Ambiental Simplificada (LAS);<\/li>\n\n\n\n<li>Licen\u00e7a Previa (LP);<\/li>\n\n\n\n<li>Licen\u00e7a de Instala\u00e7\u00e3o (LI);<\/li>\n\n\n\n<li>Licen\u00e7a de Opera\u00e7\u00e3o (LO);<\/li>\n\n\n\n<li>Renova\u00e7\u00e3o de Licen\u00e7a de Opera\u00e7\u00e3o (RLO);<\/li>\n\n\n\n<li>Registros de Postos e TRR na ANP<\/li>\n<\/ul>\n<\/div>\n<\/div>\n\n\n\n<div style=\"height:100px\" aria-hidden=\"true\" class=\"wp-block-spacer\"><\/div>\n","protected":false},"excerpt":{"rendered":"<p>Do projeto \u00e0 execu\u00e7\u00e3o, entregamos um servi\u00e7o eficiente, com agilidade e qualidade garantida. Projetos Execu\u00e7\u00f5es Licenciamentos<\/p>\n","protected":false},"author":1,"featured_media":0,"parent":0,"menu_order":0,"comment_status":"closed","ping_status":"closed","template":"","meta":{"_eb_attr":"","_joinchat":[],"footnotes":""},"class_list":["post-127","page","type-page","status-publish","hentry"],"_links":{"self":[{"href":"https:\/\/tecbombassp.com\/wfe\/wp-json\/wp\/v2\/pages\/127","targetHints":{"allow":["GET"]}}],"collection":[{"href":"https:\/\/tecbombassp.com\/wfe\/wp-json\/wp\/v2\/pages"}],"about":[{"href":"https:\/\/tecbombassp.com\/wfe\/wp-json\/wp\/v2\/types\/page"}],"author":[{"embeddable":true,"href":"https:\/\/tecbombassp.com\/wfe\/wp-json\/wp\/v2\/users\/1"}],"replies":[{"embeddable":true,"href":"https:\/\/tecbombassp.com\/wfe\/wp-json\/wp\/v2\/comments?post=127"}],"version-history":[{"count":10,"href":"https:\/\/tecbombassp.com\/wfe\/wp-json\/wp\/v2\/pages\/127\/revisions"}],"predecessor-version":[{"id":402,"href":"https:\/\/tecbombassp.com\/wfe\/wp-json\/wp\/v2\/pages\/127\/revisions\/402"}],"wp:attachment":[{"href":"https:\/\/tecbombassp.com\/wfe\/wp-json\/wp\/v2\/media?parent=127"}],"curies":[{"name":"wp","href":"https:\/\/api.w.org\/{rel}","templated":true}]}}