{"id":113,"date":"2024-10-10T18:48:29","date_gmt":"2024-10-10T18:48:29","guid":{"rendered":"https:\/\/tecbombassp.com\/wfe\/?page_id=113"},"modified":"2024-10-14T17:46:13","modified_gmt":"2024-10-14T17:46:13","slug":"certificacoes","status":"publish","type":"page","link":"https:\/\/tecbombassp.com\/wfe\/certificacoes\/","title":{"rendered":"Certifica\u00e7\u00f5es"},"content":{"rendered":"\n<figure class=\"wp-block-image aligncenter size-full is-resized\"><img loading=\"lazy\" decoding=\"async\" width=\"401\" height=\"356\" src=\"https:\/\/tecbombassp.com\/wfe\/wp-content\/uploads\/2024\/10\/ctbc-logo.png\" alt=\"\" class=\"wp-image-114\" style=\"width:135px;height:auto\" srcset=\"https:\/\/tecbombassp.com\/wfe\/wp-content\/uploads\/2024\/10\/ctbc-logo.png 401w, https:\/\/tecbombassp.com\/wfe\/wp-content\/uploads\/2024\/10\/ctbc-logo-300x266.png 300w\" sizes=\"auto, (max-width: 401px) 100vw, 401px\" \/><\/figure>\n\n\n\n<p class=\"has-text-align-center\">As nossas certifica\u00e7\u00f5es evidenciam que somos uma empresa respons\u00e1vel e comprometida com a qualidade dos servi\u00e7os prestados, sempre pautados pela \u00e9tica, respeito aos clientes e ao meio ambiente.<\/p>\n\n\n\n<div style=\"height:59px\" aria-hidden=\"true\" class=\"wp-block-spacer\"><\/div>\n\n\n\n<div class=\"wp-block-media-text alignfull is-stacked-on-mobile is-vertically-aligned-top is-style-default\" style=\"grid-template-columns:35% auto\"><figure class=\"wp-block-media-text__media\"><img loading=\"lazy\" decoding=\"async\" width=\"723\" height=\"1024\" src=\"https:\/\/tecbombassp.com\/wfe\/wp-content\/uploads\/2024\/10\/ctbc-instalacao-retirada-723x1024.jpeg\" alt=\"\" class=\"wp-image-117 size-full\" srcset=\"https:\/\/tecbombassp.com\/wfe\/wp-content\/uploads\/2024\/10\/ctbc-instalacao-retirada-723x1024.jpeg 723w, https:\/\/tecbombassp.com\/wfe\/wp-content\/uploads\/2024\/10\/ctbc-instalacao-retirada-212x300.jpeg 212w, https:\/\/tecbombassp.com\/wfe\/wp-content\/uploads\/2024\/10\/ctbc-instalacao-retirada-768x1087.jpeg 768w, https:\/\/tecbombassp.com\/wfe\/wp-content\/uploads\/2024\/10\/ctbc-instalacao-retirada.jpeg 904w\" sizes=\"auto, (max-width: 723px) 100vw, 723px\" \/><\/figure><div class=\"wp-block-media-text__content\">\n<p class=\"has-text-color\" style=\"color:#636363;font-size:17px;line-height:1.1\">ISO 9001;<br>ABNT NBR 16764 (2019): Postos de servi\u00e7o; Armazenamento de l\u00edquidos inflam\u00e1veis e combust\u00edveis; Instala\u00e7\u00e3o<br>dos componentes do sistema de armazenamento subterr\u00e2neo de combust\u00edveis (SASC); \u00d3leo lubrificante, usado, contaminado e (OLUC) e ARLA 32;<br><br>ABNT NBR 5580: Tubos de a\u00e7o; Carbono para usos comuns na condu\u00e7\u00e3o de fluidos.<br><br>ABNT NBR 6943: Conex\u00f5es de ferro fundido maleavel, com rosca ABNT NBR NM-ISO 7-1 para tubula\u00e7\u00f5es;<br><br>ABNT NBR 13784 (2014): Armazenamento de l\u00edquidos inflam\u00e1veis e combust\u00edveis; Sele\u00e7\u00e3o de m\u00e9todos para detec\u00e7\u00e3o de vazamentos e ensaios de estanqueidade em sistemas de abastecimento subterr\u00e2neo de combust\u00edveis (SASC);<br><br>ABNT NBR 13786 (2014): Sele\u00e7\u00e3o dos Componentes para Instala\u00e7\u00e3o de (SASC);<br><br>ABNT NBR 14606: Armazenamento de liquidos inflamaveis e combustiveis, Entrada em espa\u00e7o confinado em tanques Subterraneos e em tanques de superficie;<\/p>\n\n\n\n<p class=\"has-text-color\" style=\"color:#636363;font-size:17px;line-height:1.1\"><\/p>\n<\/div><\/div>\n\n\n\n<div style=\"height:39px\" aria-hidden=\"true\" class=\"wp-block-spacer\"><\/div>\n\n\n\n<div class=\"wp-block-media-text alignfull is-stacked-on-mobile is-vertically-aligned-top is-style-default\" style=\"margin-right:0;margin-left:0;padding-right:0;padding-left:0;grid-template-columns:35% auto\"><figure class=\"wp-block-media-text__media\"><img loading=\"lazy\" decoding=\"async\" width=\"723\" height=\"1024\" src=\"https:\/\/tecbombassp.com\/wfe\/wp-content\/uploads\/2024\/10\/ctbc-instalacao-subterranea-723x1024.jpeg\" alt=\"\" class=\"wp-image-120 size-full\" srcset=\"https:\/\/tecbombassp.com\/wfe\/wp-content\/uploads\/2024\/10\/ctbc-instalacao-subterranea-723x1024.jpeg 723w, https:\/\/tecbombassp.com\/wfe\/wp-content\/uploads\/2024\/10\/ctbc-instalacao-subterranea-212x300.jpeg 212w, https:\/\/tecbombassp.com\/wfe\/wp-content\/uploads\/2024\/10\/ctbc-instalacao-subterranea-768x1087.jpeg 768w, https:\/\/tecbombassp.com\/wfe\/wp-content\/uploads\/2024\/10\/ctbc-instalacao-subterranea.jpeg 904w\" sizes=\"auto, (max-width: 723px) 100vw, 723px\" \/><\/figure><div class=\"wp-block-media-text__content\">\n<p class=\"has-text-color\" style=\"color:#636363;font-size:17px;line-height:1.1\">ABNT NBR 14605-2 (2009): Emenda 1, Sistema de Drenagem Oleosa (2010);<br><br>ABNT NBR 14639 (2011): Emenda 1, Instala\u00e7\u00f5es El\u00e9tricas (2014);<br><br>ABNT NBR 14973 (2010): Armazenamento de l\u00edquidos inflam\u00e1veis e combust\u00edveis; Desativa\u00e7\u00e3o, remo\u00e7\u00e3o, destina\u00e7\u00e3o, prepara\u00e7\u00e3o e adapta\u00e7\u00e3o de tanques subterr\u00e2neos usados;<br><br>ABNT NBR 14722: Armazenamento de liquidos inflamaveis e combustiveis;<br>Tubo metalico flexivel e Requisitos de desempenho;<br><br>ABNT NBR 15005: Armazenamento de l\u00edquidos inflam\u00e1veis e combust\u00edveis e inflam\u00e1veis; Sistema de armazenamento de combust\u00edveis (SASC); V\u00e1lvula<br>antitransbordamento;<br><br>ABNT NBR 15015: Armazenamento de l\u00edquidos inflam\u00e1veis e combust\u00edveis e inflam\u00e1veis; V\u00e1lvulas de boias flutuante;<br><br>ABNT NBR 15118: Armazenamento de l\u00edquidos inflam\u00e1veis e combust\u00edveis e inflam\u00e1veis; C\u00e2mara de conten\u00e7\u00e3o e dispositivos Associados;<br><br>ABNT NBR 15138: Armazenamento de l\u00edquidos inflam\u00e1veis e combust\u00edveis e inflam\u00e1veis; Descarga para descarga selada<\/p>\n\n\n\n<p class=\"has-text-color\" style=\"color:#636363;font-size:17px;line-height:1.1\"><\/p>\n\n\n\n<p class=\"has-text-color\" style=\"color:#636363;font-size:17px;line-height:1.1\"><\/p>\n<\/div><\/div>\n\n\n\n<div style=\"height:49px\" aria-hidden=\"true\" class=\"wp-block-spacer\"><\/div>\n\n\n\n<div class=\"wp-block-media-text alignfull is-stacked-on-mobile is-vertically-aligned-top is-style-default\" style=\"grid-template-columns:35% auto\"><figure class=\"wp-block-media-text__media\"><img loading=\"lazy\" decoding=\"async\" width=\"724\" height=\"1024\" src=\"https:\/\/tecbombassp.com\/wfe\/wp-content\/uploads\/2024\/10\/230123-CTBC-SAAC-001-2023-F.FERREIRA-2-pdf-724x1024-1.jpg\" alt=\"\" class=\"wp-image-122 size-full\" srcset=\"https:\/\/tecbombassp.com\/wfe\/wp-content\/uploads\/2024\/10\/230123-CTBC-SAAC-001-2023-F.FERREIRA-2-pdf-724x1024-1.jpg 724w, https:\/\/tecbombassp.com\/wfe\/wp-content\/uploads\/2024\/10\/230123-CTBC-SAAC-001-2023-F.FERREIRA-2-pdf-724x1024-1-212x300.jpg 212w\" sizes=\"auto, (max-width: 724px) 100vw, 724px\" \/><\/figure><div class=\"wp-block-media-text__content\">\n<p class=\"has-text-color\" style=\"color:#636363;font-size:17px;line-height:1.1\">ABNT NBR 15139: Armazenamento de l\u00edquidos inflam\u00e1veis e combust\u00edveis e inflam\u00e1veis; V\u00e1lvula de reten\u00e7\u00e3o instalada em linhas de suc\u00e7\u00e3o;<br><br>ABNT NBR 12176-2: Tubos e conexoes Plasticas; Equip. para uni\u00f5es por solda em sistema de polietileno; Parte II eletrofus\u00e3o;<br><br>NR 06: Equipamentos de Prote\u00e7\u00e3o Individual;<br><br>NR 10: Seguran\u00e7a em Instala\u00e7\u00f5es e Servi\u00e7os em Eletricidade;<br><br>NR 12: Seguran\u00e7a no Trabalho em M\u00e1quinas e Equipamentos;<br>NR 33 \u2013 Trabalhos em Espa\u00e7os Confinados;<br>NR 35 \u2013 Trabalhos em Altura;<br><br>ABNT NBR 15776 \u2013 Armazenamentode l\u00edquidos inflam\u00e1veis e combust\u00edveis \u2013 Sele\u00e7\u00e3o dos componentes e instala\u00e7\u00e3o do sistema de armazenamento a\u00e9reo de combust\u00edveis (SAAC)<br><br>ABNT NBR 15461 \u2013 Tanque a\u00e9reo atmosf\u00e9rico de a\u00e7o \u2013 Requisitos de<br>fabrica\u00e7\u00e3o e m\u00e9todos de ensaios <br><br>ABNT NBR 17505-3 \u2013 Armazenamento de l\u00edquidos inflam\u00e1veis e combust\u00edveis \u2013 Parte 3: Sistemas de tubula\u00e7\u00f5es .<br><br><\/p>\n<\/div><\/div>\n\n\n\n<p class=\"has-text-align-center\">Atuamos a mais de 12 anos no seguimento de sistemas SASC \u2013 Sistema Armazenamento Subterr\u00e2neo de Combust\u00edvel e SAAC \u2013 Sistema de Abastecimento A\u00e9reo de Combust\u00edveis<\/p>\n\n\n\n<div style=\"height:79px\" aria-hidden=\"true\" class=\"wp-block-spacer\"><\/div>\n","protected":false},"excerpt":{"rendered":"<p>As nossas certifica\u00e7\u00f5es evidenciam que somos uma empresa respons\u00e1vel e comprometida com a qualidade dos servi\u00e7os prestados, sempre pautados pela \u00e9tica, respeito aos clientes e ao meio ambiente. ISO 9001;ABNT NBR 16764 (2019): Postos de servi\u00e7o; Armazenamento de l\u00edquidos inflam\u00e1veis e combust\u00edveis; Instala\u00e7\u00e3odos componentes do sistema de armazenamento subterr\u00e2neo de combust\u00edveis (SASC); \u00d3leo lubrificante, usado, [&hellip;]<\/p>\n","protected":false},"author":1,"featured_media":0,"parent":0,"menu_order":0,"comment_status":"closed","ping_status":"closed","template":"","meta":{"_eb_attr":"","_joinchat":[],"footnotes":""},"class_list":["post-113","page","type-page","status-publish","hentry"],"_links":{"self":[{"href":"https:\/\/tecbombassp.com\/wfe\/wp-json\/wp\/v2\/pages\/113","targetHints":{"allow":["GET"]}}],"collection":[{"href":"https:\/\/tecbombassp.com\/wfe\/wp-json\/wp\/v2\/pages"}],"about":[{"href":"https:\/\/tecbombassp.com\/wfe\/wp-json\/wp\/v2\/types\/page"}],"author":[{"embeddable":true,"href":"https:\/\/tecbombassp.com\/wfe\/wp-json\/wp\/v2\/users\/1"}],"replies":[{"embeddable":true,"href":"https:\/\/tecbombassp.com\/wfe\/wp-json\/wp\/v2\/comments?post=113"}],"version-history":[{"count":8,"href":"https:\/\/tecbombassp.com\/wfe\/wp-json\/wp\/v2\/pages\/113\/revisions"}],"predecessor-version":[{"id":383,"href":"https:\/\/tecbombassp.com\/wfe\/wp-json\/wp\/v2\/pages\/113\/revisions\/383"}],"wp:attachment":[{"href":"https:\/\/tecbombassp.com\/wfe\/wp-json\/wp\/v2\/media?parent=113"}],"curies":[{"name":"wp","href":"https:\/\/api.w.org\/{rel}","templated":true}]}}